{"id":148,"date":"2022-02-28T21:27:47","date_gmt":"2022-02-28T21:27:47","guid":{"rendered":"https:\/\/wowmediax.com\/?page_id=148"},"modified":"2024-09-03T21:40:03","modified_gmt":"2024-09-04T02:40:03","slug":"agenda","status":"publish","type":"page","link":"https:\/\/wowmediax.com\/es\/agenda\/","title":{"rendered":"Agenda"},"content":{"rendered":"<p>[et_pb_section fb_built=&#8221;1&#8243; _builder_version=&#8221;4.20.4&#8243; _module_preset=&#8221;default&#8221; background_color=&#8221;#0f0122&#8243; da_disable_devices=&#8221;off|off|off&#8221; global_colors_info=&#8221;{}&#8221; da_is_popup=&#8221;off&#8221; da_exit_intent=&#8221;off&#8221; da_has_close=&#8221;on&#8221; da_alt_close=&#8221;off&#8221; da_dark_close=&#8221;off&#8221; da_not_modal=&#8221;on&#8221; da_is_singular=&#8221;off&#8221; da_with_loader=&#8221;off&#8221; da_has_shadow=&#8221;on&#8221;][et_pb_row column_structure=&#8221;1_2,1_2&#8243; _builder_version=&#8221;4.16&#8243; _module_preset=&#8221;default&#8221; global_colors_info=&#8221;{}&#8221;][et_pb_column type=&#8221;1_2&#8243; _builder_version=&#8221;4.16&#8243; _module_preset=&#8221;default&#8221; global_colors_info=&#8221;{}&#8221;][et_pb_image src=&#8221;https:\/\/wowmediax.com\/wp-content\/uploads\/2023\/11\/Logo-Wow-Media-2022.png&#8221; title_text=&#8221;Logo Wow Media 2022&#8243; align=&#8221;center&#8221; _builder_version=&#8221;4.25.2&#8243; _module_preset=&#8221;default&#8221; width=&#8221;37%&#8221; global_colors_info=&#8221;{}&#8221;][\/et_pb_image][et_pb_text _builder_version=&#8221;4.25.2&#8243; _module_preset=&#8221;default&#8221; global_colors_info=&#8221;{}&#8221;]<\/p>\n<h2><span style=\"color: #ffffff;\">\u00a1Bienvenidos!<\/span><\/h2>\n<h2><span style=\"color: #ffffff;\">Wow Media quiere reunirse para hablar de Medios Deportivos, AdTech, Marketing Ai y otros servicios. <\/span><\/h2>\n<h2><span style=\"color: #ffffff;\"><\/span><\/h2>\n<h2><span style=\"color: #ffffff;\">Diligencie la informaci\u00f3n de fecha y hora para iniciar el agendamiento:<\/span><\/h2>\n<h2><span style=\"color: #ffffff;\"><\/span><\/h2>\n<h2><span style=\"color: #ffffff;\"><\/span><\/h2>\n<h2><span style=\"color: #ffffff;\">Duraci\u00f3n reuni\u00f3n: 30 a 45 Minutos<\/span><\/h2>\n<h2><span style=\"color: #ffffff;\">De Clic sobre el servicio para iniciar el proceso de agendamiento \u2192<\/span><\/h2>\n<h2><span style=\"color: #ffffff;\"><\/span><\/h2>\n<h2><span style=\"color: #ffffff;\">Los detalles de la reuni\u00f3n se proporcionan en el email de confirmaci\u00f3n.<\/span><\/h2>\n<h2><span style=\"color: #ffffff;\"><\/span><\/h2>\n<h2><span style=\"color: #ffffff;\"><\/span><\/h2>\n<h2><span style=\"color: #ffffff;\"><\/span><\/h2>\n<h2><span style=\"color: #ffffff;\"><\/span><\/h2>\n<h2><span style=\"color: #ffffff;\"><\/span><\/h2>\n<h3><span style=\"color: #ffffff;\"><\/span><\/h3>\n<p>[\/et_pb_text][\/et_pb_column][et_pb_column type=&#8221;1_2&#8243; _builder_version=&#8221;4.16&#8243; _module_preset=&#8221;default&#8221; global_colors_info=&#8221;{}&#8221;][et_pb_code _builder_version=&#8221;4.25.2&#8243; _module_preset=&#8221;default&#8221; global_colors_info=&#8221;{}&#8221;][\/et_pb_code][et_pb_code _builder_version=&#8221;4.27.0&#8243; _module_preset=&#8221;default&#8221; hover_enabled=&#8221;0&#8243; locked=&#8221;off&#8221; global_colors_info=&#8221;{}&#8221; sticky_enabled=&#8221;0&#8243;]<iframe width='80%' height='700px' src='https:\/\/elkinrodriguez-wowmediax.zohobookings.com\/portal-embed#\/futbol' frameborder='0' allowfullscreen='' > <\/iframe>[\/et_pb_code][\/et_pb_column][\/et_pb_row][\/et_pb_section]<\/p>\n","protected":false},"excerpt":{"rendered":"<p>\u00a1Bienvenidos! Wow Media quiere reunirse para hablar de Medios Deportivos, AdTech, Marketing Ai y otros servicios. Diligencie la informaci\u00f3n de fecha y hora para iniciar el agendamiento: Duraci\u00f3n reuni\u00f3n: 30 a 45 Minutos De Clic sobre el servicio para iniciar el proceso de agendamiento \u2192 Los detalles de la reuni\u00f3n se proporcionan en el email [&hellip;]<\/p>\n","protected":false},"author":1,"featured_media":0,"parent":0,"menu_order":0,"comment_status":"closed","ping_status":"closed","template":"","meta":{"_et_pb_use_builder":"on","_et_pb_old_content":"","_et_gb_content_width":"","footnotes":""},"class_list":["post-148","page","type-page","status-publish","hentry"],"_links":{"self":[{"href":"https:\/\/wowmediax.com\/es\/wp-json\/wp\/v2\/pages\/148","targetHints":{"allow":["GET"]}}],"collection":[{"href":"https:\/\/wowmediax.com\/es\/wp-json\/wp\/v2\/pages"}],"about":[{"href":"https:\/\/wowmediax.com\/es\/wp-json\/wp\/v2\/types\/page"}],"author":[{"embeddable":true,"href":"https:\/\/wowmediax.com\/es\/wp-json\/wp\/v2\/users\/1"}],"replies":[{"embeddable":true,"href":"https:\/\/wowmediax.com\/es\/wp-json\/wp\/v2\/comments?post=148"}],"version-history":[{"count":29,"href":"https:\/\/wowmediax.com\/es\/wp-json\/wp\/v2\/pages\/148\/revisions"}],"predecessor-version":[{"id":1148,"href":"https:\/\/wowmediax.com\/es\/wp-json\/wp\/v2\/pages\/148\/revisions\/1148"}],"wp:attachment":[{"href":"https:\/\/wowmediax.com\/es\/wp-json\/wp\/v2\/media?parent=148"}],"curies":[{"name":"wp","href":"https:\/\/api.w.org\/{rel}","templated":true}]}}